{"id":515,"date":"2020-04-10T15:12:22","date_gmt":"2020-04-10T15:12:22","guid":{"rendered":"https:\/\/ignoredesign.ro\/?page_id=515"},"modified":"2020-04-21T08:38:07","modified_gmt":"2020-04-21T08:38:07","slug":"graphic-design","status":"publish","type":"page","link":"https:\/\/ignoredesign.ro\/index.php\/graphic-design\/","title":{"rendered":"Graphic design"},"content":{"rendered":"<p>[et_pb_section fb_built=&#8221;1&#8243; _builder_version=&#8221;4.4.1&#8243; background_color=&#8221;#b51962&#8243; use_background_color_gradient=&#8221;on&#8221; background_color_gradient_start=&#8221;#8126c1&#8243; background_color_gradient_end=&#8221;#d335ff&#8221;][et_pb_row _builder_version=&#8221;4.4.1&#8243;][et_pb_column type=&#8221;4_4&#8243; _builder_version=&#8221;4.4.1&#8243;][et_pb_text _builder_version=&#8221;4.4.1&#8243; text_text_color=&#8221;#ffffff&#8221; header_font=&#8221;Open Sans|700|||||||&#8221; header_text_color=&#8221;#ffffff&#8221;]<\/p>\n<h1>Design grafic<\/h1>\n<p>Reviste \/\/ Brosuri \/\/ Flyere \/\/ Pliante \/\/ Afise \/\/ Logo \/\/ Social media<\/p>\n<p>[\/et_pb_text][\/et_pb_column][\/et_pb_row][\/et_pb_section][et_pb_section fb_built=&#8221;1&#8243; _builder_version=&#8221;4.4.1&#8243;][et_pb_row column_structure=&#8221;2_5,3_5&#8243; _builder_version=&#8221;4.4.1&#8243;][et_pb_column type=&#8221;2_5&#8243; _builder_version=&#8221;4.4.1&#8243;][et_pb_image src=&#8221;https:\/\/ignoredesign.ro\/wp-content\/uploads\/2020\/03\/agency-05.png&#8221; _builder_version=&#8221;4.4.1&#8243; scroll_rotating_enable=&#8221;on&#8221; scroll_rotating=&#8221;0|45|45|100|0\u00b0|0|6\u00b0&#8221; motion_trigger_start=&#8221;bottom&#8221;][\/et_pb_image][\/et_pb_column][et_pb_column type=&#8221;3_5&#8243; _builder_version=&#8221;4.4.1&#8243;][et_pb_text _builder_version=&#8221;4.4.1&#8243; text_font=&#8221;Montserrat|300|||||||&#8221; text_text_color=&#8221;#000000&#8243; text_font_size=&#8221;18px&#8221;]<\/p>\n<p><strong>Ai avut pl\u0103cerea sa \u00ee\u021bi vezi fizic proiectele de Graphic design, create de tine peste tot?\u00a0 Noi da.<\/strong><\/p>\n<p>Din Vama Veche pana in Rotterdam, prin Galati \u0219i Bucuresti.<\/p>\n<p>In New York, Boston sau Kansas nu am ajuns&#8230;fizic. In schimb grafica noastr\u0103 se plimba digital pe tot mapamondul din SUA ,in Anglia \u0219i pana in Guazhong &#8211; China.<\/p>\n<p>Am avut deosebita placere sa lucram in deaproape cu <strong>Ioan Gyuri Pascu<\/strong>, cu <strong>Leo Iorga<\/strong>, acum, continu\u00e2ndu-ne colaborarea cu <strong>Mircea Baniciu<\/strong>, <strong>Toni seicarescu<\/strong>, <strong>Mircea Vintil\u0103<\/strong>, forma\u021bia <strong>Pacifica<\/strong> \u0219i <strong>Mircea Rusu<\/strong>.<\/p>\n<p>Spectaculoasa este \u0219i colaborarea cu Flair Angel, Exquisite bar solutions \u0219i Luca Valentin. Proiecte de suflet ce r\u0103m\u00e2n acolo undeva!<\/p>\n<p>Iat\u0103, c\u00e2teva dintre lucr\u0103ri.<\/p>\n<p>[\/et_pb_text][\/et_pb_column][\/et_pb_row][et_pb_row column_structure=&#8221;1_3,1_3,1_3&#8243; _builder_version=&#8221;4.4.1&#8243;][et_pb_column type=&#8221;1_3&#8243; _builder_version=&#8221;4.4.1&#8243;][et_pb_image src=&#8221;https:\/\/ignoredesign.ro\/wp-content\/uploads\/2018\/07\/joi2.jpg&#8221; _builder_version=&#8221;4.4.1&#8243; border_radii=&#8221;on|6px|6px|6px|6px&#8221; box_shadow_style=&#8221;preset3&#8243;][\/et_pb_image][\/et_pb_column][et_pb_column type=&#8221;1_3&#8243; _builder_version=&#8221;4.4.1&#8243;][et_pb_image src=&#8221;https:\/\/ignoredesign.ro\/wp-content\/uploads\/2020\/04\/toni-seicarescu-2019-scaled.jpg&#8221; _builder_version=&#8221;4.4.1&#8243; border_radii=&#8221;on|6px|6px|6px|6px&#8221; box_shadow_style=&#8221;preset3&#8243;][\/et_pb_image][\/et_pb_column][et_pb_column type=&#8221;1_3&#8243; _builder_version=&#8221;4.4.1&#8243;][et_pb_image src=&#8221;https:\/\/ignoredesign.ro\/wp-content\/uploads\/2018\/07\/ittm-big.jpg&#8221; _builder_version=&#8221;4.4.1&#8243; border_radii=&#8221;on|6px|6px|6px|6px&#8221; box_shadow_style=&#8221;preset3&#8243;][\/et_pb_image][\/et_pb_column][\/et_pb_row][et_pb_row column_structure=&#8221;1_3,1_3,1_3&#8243; _builder_version=&#8221;4.4.1&#8243;][et_pb_column type=&#8221;1_3&#8243; _builder_version=&#8221;4.4.1&#8243;][et_pb_image src=&#8221;https:\/\/ignoredesign.ro\/wp-content\/uploads\/2018\/07\/the-mask.jpg&#8221; _builder_version=&#8221;4.4.1&#8243; border_radii=&#8221;on|6px|6px|6px|6px&#8221; box_shadow_style=&#8221;preset3&#8243;][\/et_pb_image][\/et_pb_column][et_pb_column type=&#8221;1_3&#8243; _builder_version=&#8221;4.4.1&#8243;][et_pb_image src=&#8221;https:\/\/ignoredesign.ro\/wp-content\/uploads\/2018\/07\/markfarina.jpg&#8221; _builder_version=&#8221;4.4.1&#8243; border_radii=&#8221;on|6px|6px|6px|6px&#8221; box_shadow_style=&#8221;preset3&#8243;][\/et_pb_image][\/et_pb_column][et_pb_column type=&#8221;1_3&#8243; _builder_version=&#8221;4.4.1&#8243;][et_pb_image src=&#8221;https:\/\/ignoredesign.ro\/wp-content\/uploads\/2018\/07\/sixthhdance3.jpg&#8221; _builder_version=&#8221;4.4.1&#8243; border_radii=&#8221;on|6px|6px|6px|6px&#8221; box_shadow_style=&#8221;preset3&#8243;][\/et_pb_image][\/et_pb_column][\/et_pb_row][et_pb_row column_structure=&#8221;1_3,1_3,1_3&#8243; _builder_version=&#8221;4.4.1&#8243;][et_pb_column type=&#8221;1_3&#8243; _builder_version=&#8221;4.4.1&#8243;][et_pb_image src=&#8221;https:\/\/ignoredesign.ro\/wp-content\/uploads\/2018\/07\/WE-GOT-FLAIR-.jpg&#8221; _builder_version=&#8221;4.4.1&#8243; border_radii=&#8221;on|6px|6px|6px|6px&#8221; box_shadow_style=&#8221;preset3&#8243;][\/et_pb_image][\/et_pb_column][et_pb_column type=&#8221;1_3&#8243; _builder_version=&#8221;4.4.1&#8243;][et_pb_image src=&#8221;https:\/\/ignoredesign.ro\/wp-content\/uploads\/2018\/07\/o-petrecere-ca-de-revelion2.jpg&#8221; _builder_version=&#8221;4.4.1&#8243; border_radii=&#8221;on|6px|6px|6px|6px&#8221; box_shadow_style=&#8221;preset3&#8243;][\/et_pb_image][\/et_pb_column][et_pb_column type=&#8221;1_3&#8243; _builder_version=&#8221;4.4.1&#8243;][et_pb_image src=&#8221;https:\/\/ignoredesign.ro\/wp-content\/uploads\/2018\/07\/derrick_carter_oficial-1.jpg&#8221; _builder_version=&#8221;4.4.1&#8243; border_radii=&#8221;on|6px|6px|6px|6px&#8221; box_shadow_style=&#8221;preset3&#8243;][\/et_pb_image][\/et_pb_column][\/et_pb_row][et_pb_row column_structure=&#8221;1_3,1_3,1_3&#8243; _builder_version=&#8221;4.4.1&#8243;][et_pb_column type=&#8221;1_3&#8243; _builder_version=&#8221;4.4.1&#8243;][et_pb_image src=&#8221;https:\/\/ignoredesign.ro\/wp-content\/uploads\/2018\/07\/afis-craciun-bun-web.jpg&#8221; _builder_version=&#8221;4.4.1&#8243; border_radii=&#8221;on|6px|6px|6px|6px&#8221; box_shadow_style=&#8221;preset3&#8243;][\/et_pb_image][\/et_pb_column][et_pb_column type=&#8221;1_3&#8243; _builder_version=&#8221;4.4.1&#8243;][et_pb_image src=&#8221;https:\/\/ignoredesign.ro\/wp-content\/uploads\/2018\/07\/program-leo-iorga-facebook.jpg&#8221; _builder_version=&#8221;4.4.1&#8243; border_radii=&#8221;on|6px|6px|6px|6px&#8221; box_shadow_style=&#8221;preset3&#8243;][\/et_pb_image][\/et_pb_column][et_pb_column type=&#8221;1_3&#8243; _builder_version=&#8221;4.4.1&#8243;][et_pb_image src=&#8221;https:\/\/ignoredesign.ro\/wp-content\/uploads\/2018\/07\/1957683_536789286441102_28211809_o.jpg&#8221; _builder_version=&#8221;4.4.1&#8243; border_radii=&#8221;on|6px|6px|6px|6px&#8221; box_shadow_style=&#8221;preset3&#8243;][\/et_pb_image][\/et_pb_column][\/et_pb_row][\/et_pb_section][et_pb_section fb_built=&#8221;1&#8243; _builder_version=&#8221;4.4.1&#8243; background_color=&#8221;#1c1c1c&#8221; global_module=&#8221;393&#8243;][et_pb_row column_structure=&#8221;1_3,1_3,1_3&#8243; _builder_version=&#8221;4.4.1&#8243;][et_pb_column type=&#8221;1_3&#8243; _builder_version=&#8221;4.4.1&#8243;][et_pb_text _builder_version=&#8221;4.4.1&#8243; text_text_color=&#8221;#ffffff&#8221; header_2_font=&#8221;Oswald||||||||&#8221; header_2_text_color=&#8221;#ffffff&#8221; header_2_letter_spacing=&#8221;1px&#8221; header_2_line_height=&#8221;1.4em&#8221; text_text_shadow_style=&#8221;preset1&#8243; border_width_right=&#8221;1px&#8221; border_color_right=&#8221;#8c8c8c&#8221;]<\/p>\n<h2>BIO<\/h2>\n<p>Despre Companie<\/p>\n<p>Solicita o oferta<\/p>\n<p>Cariere<\/p>\n<p>Contact<\/p>\n<p>&nbsp;<\/p>\n<p>[\/et_pb_text][\/et_pb_column][et_pb_column type=&#8221;1_3&#8243; _builder_version=&#8221;4.4.1&#8243;][et_pb_text _builder_version=&#8221;4.4.1&#8243; text_text_color=&#8221;#ffffff&#8221; header_2_font=&#8221;Oswald||||||||&#8221; header_2_text_color=&#8221;#ffffff&#8221; header_2_letter_spacing=&#8221;2px&#8221; header_2_line_height=&#8221;1.3em&#8221; text_text_shadow_style=&#8221;preset1&#8243; border_width_right=&#8221;1px&#8221; border_color_right=&#8221;#8c8c8c&#8221;]<\/p>\n<h2>SERVICII<\/h2>\n<p>Web design &amp; development<\/p>\n<p>Branding \/\u00a0 Logo design<\/p>\n<p>Afise \/ flyere<\/p>\n<p>Brosuri \/ Reviste<\/p>\n<p>Editare video \/ animatii<\/p>\n<p>[\/et_pb_text][\/et_pb_column][et_pb_column type=&#8221;1_3&#8243; _builder_version=&#8221;4.4.1&#8243;][et_pb_blurb title=&#8221;IGNOREDESIGN SRL&#8221; use_icon=&#8221;on&#8221; font_icon=&#8221;%%122%%&#8221; icon_color=&#8221;#ffffff&#8221; icon_placement=&#8221;left&#8221; use_icon_font_size=&#8221;on&#8221; icon_font_size=&#8221;49px&#8221; _builder_version=&#8221;4.4.1&#8243; header_font=&#8221;Oswald||||||||&#8221; header_text_color=&#8221;#ffffff&#8221; header_font_size=&#8221;22px&#8221; header_letter_spacing=&#8221;2px&#8221; header_line_height=&#8221;1.3em&#8221; body_text_color=&#8221;#ffffff&#8221; body_text_shadow_style=&#8221;preset1&#8243;]<\/p>\n<p>Adresa: Galati, Romania, Str. Lebedei nr.21, bl.A22, ap. 55, 800466<\/p>\n<p>[\/et_pb_blurb][\/et_pb_column][\/et_pb_row][\/et_pb_section]<\/p>\n","protected":false},"excerpt":{"rendered":"<p>Design grafic Reviste \/\/ Brosuri \/\/ Flyere \/\/ Pliante \/\/ Afise \/\/ Logo \/\/ Social mediaAi avut pl\u0103cerea sa \u00ee\u021bi vezi fizic proiectele de Graphic design, create de tine peste tot?\u00a0 Noi da. Din Vama Veche pana in Rotterdam, prin Galati \u0219i Bucuresti. In New York, Boston sau Kansas nu am ajuns&#8230;fizic. In schimb grafica [&hellip;]<\/p>\n","protected":false},"author":1,"featured_media":0,"parent":0,"menu_order":0,"comment_status":"closed","ping_status":"closed","template":"","meta":{"_et_pb_use_builder":"on","_et_pb_old_content":"","_et_gb_content_width":""},"_links":{"self":[{"href":"https:\/\/ignoredesign.ro\/index.php\/wp-json\/wp\/v2\/pages\/515"}],"collection":[{"href":"https:\/\/ignoredesign.ro\/index.php\/wp-json\/wp\/v2\/pages"}],"about":[{"href":"https:\/\/ignoredesign.ro\/index.php\/wp-json\/wp\/v2\/types\/page"}],"author":[{"embeddable":true,"href":"https:\/\/ignoredesign.ro\/index.php\/wp-json\/wp\/v2\/users\/1"}],"replies":[{"embeddable":true,"href":"https:\/\/ignoredesign.ro\/index.php\/wp-json\/wp\/v2\/comments?post=515"}],"version-history":[{"count":0,"href":"https:\/\/ignoredesign.ro\/index.php\/wp-json\/wp\/v2\/pages\/515\/revisions"}],"wp:attachment":[{"href":"https:\/\/ignoredesign.ro\/index.php\/wp-json\/wp\/v2\/media?parent=515"}],"curies":[{"name":"wp","href":"https:\/\/api.w.org\/{rel}","templated":true}]}}